{"id":2,"date":"2014-12-03T11:53:42","date_gmt":"2014-12-03T11:53:42","guid":{"rendered":"http:\/\/wp.rackfish.com\/?page_id=2"},"modified":"2021-07-15T08:29:30","modified_gmt":"2021-07-15T06:29:30","slug":"sample-page","status":"publish","type":"page","link":"https:\/\/wp.rackfish.com\/","title":{"rendered":"Managed WP-hosting i Sverige, Uppsala och Stockholm"},"content":{"rendered":"\t\t<div data-elementor-type=\"wp-page\" data-elementor-id=\"2\" class=\"elementor elementor-2\" data-elementor-post-type=\"page\">\n\t\t\t\t\t\t<section class=\"elementor-section elementor-top-section elementor-element elementor-element-3beb43e4 elementor-section-boxed elementor-section-height-default elementor-section-height-default\" data-id=\"3beb43e4\" data-element_type=\"section\" data-e-type=\"section\">\n\t\t\t\t\t\t<div class=\"elementor-container elementor-column-gap-default\">\n\t\t\t\t\t<div class=\"elementor-column elementor-col-100 elementor-top-column elementor-element elementor-element-1ff69ba2\" data-id=\"1ff69ba2\" data-element_type=\"column\" data-e-type=\"column\">\n\t\t\t<div class=\"elementor-widget-wrap elementor-element-populated\">\n\t\t\t\t\t\t<div class=\"elementor-element elementor-element-499016a8 elementor-widget elementor-widget-text-editor\" data-id=\"499016a8\" data-element_type=\"widget\" data-e-type=\"widget\" data-widget_type=\"text-editor.default\">\n\t\t\t\t<div class=\"elementor-widget-container\">\n\t\t\t\t\t\t\t\t\t<p>Det kr\u00e4vs inte mycket f\u00f6r att flytta till Rackfish. Egentligen finns det tre huvudsp\u00e5r, men vi anpassar oss efter dina behov:<\/p>\n<h2>Fullservice &#8211; Managed WP Hosting<\/h2>\n<p>M\u00e5nga kunder uppskattar den personliga kontakten och den normala aff\u00e4rsprocessen. Kanske&nbsp; b\u00f6rja med ett samtal, m\u00f6te, en offert. Ta beslut och sedan l\u00e4mna \u00f6ver till Rackfish. Ofta r\u00e4cker det med att vi ges tillg\u00e5ng till befintligt webbhotell s\u00e5 kan vi ordna med allt enligt era instruktioner.<\/p>\n<p>Betala med faktura, 30 dagar netto.<\/p>\n<h2>WP Hosting, Assisterad sj\u00e4lvservice<\/h2>\n<p>Vill du sk\u00f6ta dig sj\u00e4lv? D\u00e5 \u00e4r det bara att signa upp p\u00e5 <a href=\"https:\/\/my.rackfish.com\">https:\/\/my.rackfish.com<\/a>&nbsp; &#8211; en faktura st\u00e4lls ut och s\u00e5 fort den \u00e4r betald (med bankgiro eller kreditkort) s\u00e5 startas ditt paket. Med assisterad sj\u00e4lvservice hj\u00e4lper vi dig med de steg du beh\u00f6ver, exempelvis flytten, dom\u00e4n och dns-inst\u00e4llningar eller aktivering av SSL-certifikat.<\/p>\n<h2>DIY &#8211; Do It Yourself WP Hosting<\/h2>\n<p>Sj\u00e4lvklart kan man sk\u00f6ta allt sj\u00e4lv om man f\u00f6redrar det. Via v\u00e5r kundinloggning hanterar du dina abonnemang och olika system. Med cPanel har du marknadens mest kraftfulla kontrollpanel f\u00f6r webbservern!<\/p>\t\t\t\t\t\t\t\t<\/div>\n\t\t\t\t<\/div>\n\t\t\t\t\t<\/div>\n\t\t<\/div>\n\t\t\t\t\t<\/div>\n\t\t<\/section>\n\t\t\t\t<\/div>\n\t\t","protected":false},"excerpt":{"rendered":"<p>Det kr\u00e4vs inte mycket f\u00f6r att flytta till Rackfish. Egentligen finns det tre huvudsp\u00e5r, men vi anpassar oss efter dina behov: Fullservice &#8211; Managed WP Hosting M\u00e5nga kunder uppskattar den personliga kontakten och den normala aff\u00e4rsprocessen. Kanske&nbsp; b\u00f6rja med ett samtal, m\u00f6te, en offert. Ta beslut och sedan l\u00e4mna \u00f6ver till Rackfish. Ofta r\u00e4cker det [&hellip;]<\/p>\n","protected":false},"author":5,"featured_media":0,"parent":0,"menu_order":0,"comment_status":"open","ping_status":"open","template":"","meta":{"footnotes":""},"class_list":["post-2","page","type-page","status-publish","hentry"],"_links":{"self":[{"href":"https:\/\/wp.rackfish.com\/index.php?rest_route=\/wp\/v2\/pages\/2","targetHints":{"allow":["GET"]}}],"collection":[{"href":"https:\/\/wp.rackfish.com\/index.php?rest_route=\/wp\/v2\/pages"}],"about":[{"href":"https:\/\/wp.rackfish.com\/index.php?rest_route=\/wp\/v2\/types\/page"}],"author":[{"embeddable":true,"href":"https:\/\/wp.rackfish.com\/index.php?rest_route=\/wp\/v2\/users\/5"}],"replies":[{"embeddable":true,"href":"https:\/\/wp.rackfish.com\/index.php?rest_route=%2Fwp%2Fv2%2Fcomments&post=2"}],"version-history":[{"count":17,"href":"https:\/\/wp.rackfish.com\/index.php?rest_route=\/wp\/v2\/pages\/2\/revisions"}],"predecessor-version":[{"id":146,"href":"https:\/\/wp.rackfish.com\/index.php?rest_route=\/wp\/v2\/pages\/2\/revisions\/146"}],"wp:attachment":[{"href":"https:\/\/wp.rackfish.com\/index.php?rest_route=%2Fwp%2Fv2%2Fmedia&parent=2"}],"curies":[{"name":"wp","href":"https:\/\/api.w.org\/{rel}","templated":true}]}}